{"id":37,"date":"2025-04-10T03:37:50","date_gmt":"2025-04-10T02:37:50","guid":{"rendered":"https:\/\/www.elm.world\/?page_id=37"},"modified":"2026-04-05T20:48:57","modified_gmt":"2026-04-05T19:48:57","slug":"join-us","status":"publish","type":"page","link":"https:\/\/www.elm.world\/en\/join-us\/","title":{"rendered":"DO\u0141\u0104CZ DO NAS"},"content":{"rendered":"<div data-elementor-type=\"wp-page\" data-elementor-id=\"37\" class=\"elementor elementor-37\" data-elementor-post-type=\"page\">\n\t\t\t\t<div class=\"elementor-element elementor-element-6967c5a e-flex e-con-boxed e-con e-parent\" data-id=\"6967c5a\" data-element_type=\"container\" data-settings=\"{&quot;background_background&quot;:&quot;slideshow&quot;,&quot;background_slideshow_gallery&quot;:[{&quot;id&quot;:148,&quot;url&quot;:&quot;https:\\\/\\\/www.elm.world\\\/wp-content\\\/uploads\\\/2025\\\/04\\\/Enviroment-Pictures-_-Freepik.jpg&quot;}],&quot;background_slideshow_loop&quot;:&quot;yes&quot;,&quot;background_slideshow_slide_duration&quot;:5000,&quot;background_slideshow_slide_transition&quot;:&quot;fade&quot;,&quot;background_slideshow_transition_duration&quot;:500}\">\n\t\t\t\t\t<div class=\"e-con-inner\">\n\t\t\t\t<div class=\"elementor-element elementor-element-15797f7 elementor-widget elementor-widget-heading\" data-id=\"15797f7\" data-element_type=\"widget\" data-widget_type=\"heading.default\">\n\t\t\t\t<div class=\"elementor-widget-container\">\n\t\t\t\t\t<h2 class=\"elementor-heading-title elementor-size-default\">DO\u0141\u0104CZ DO NAS<\/h2>\t\t\t\t<\/div>\n\t\t\t\t<\/div>\n\t\t\t\t<div class=\"elementor-element elementor-element-67439e5 elementor-widget elementor-widget-heading\" data-id=\"67439e5\" data-element_type=\"widget\" data-widget_type=\"heading.default\">\n\t\t\t\t<div class=\"elementor-widget-container\">\n\t\t\t\t\t<h2 class=\"elementor-heading-title elementor-size-default\">\u201eNie musisz si\u0119 dopasowywa\u0107 \u2014 mo\u017cesz wsp\u00f3\u0142tworzy\u0107\u201d<br>\n\n<\/h2>\t\t\t\t<\/div>\n\t\t\t\t<\/div>\n\t\t\t\t\t<\/div>\n\t\t\t\t<\/div>\n\t\t<div class=\"elementor-element elementor-element-e30efa2 e-flex e-con-boxed e-con e-parent\" data-id=\"e30efa2\" data-element_type=\"container\" data-settings=\"{&quot;background_background&quot;:&quot;gradient&quot;}\">\n\t\t\t\t\t<div class=\"e-con-inner\">\n\t\t\t\t\t<\/div>\n\t\t\t\t<\/div>\n\t\t<div class=\"elementor-element elementor-element-242f0ac e-flex e-con-boxed e-con e-parent\" data-id=\"242f0ac\" data-element_type=\"container\" data-settings=\"{&quot;background_background&quot;:&quot;classic&quot;}\">\n\t\t\t\t\t<div class=\"e-con-inner\">\n\t\t<div class=\"elementor-element elementor-element-631016e e-grid e-con-full e-con e-child\" data-id=\"631016e\" data-element_type=\"container\">\n\t\t\t\t<div class=\"elementor-element elementor-element-c664d76 elementor-widget elementor-widget-text-editor\" data-id=\"c664d76\" data-element_type=\"widget\" data-widget_type=\"text-editor.default\">\n\t\t\t\t<div class=\"elementor-widget-container\">\n\t\t\t\t\t\t\t\t\t<h1>\u00a0\u00a0 <strong>Inwestor<\/strong><\/h1><p>\u00a0 Wspieraj rozw\u00f3j projektu i wsp\u00f3\u0142tw\u00f3rz jego przysz\u0142o\u015b\u0107.<br data-start=\"488\" data-end=\"491\" \/>We\u017a udzia\u0142 w budowie infrastruktury i inicjatyw spo\u0142ecznych.<\/p>\t\t\t\t\t\t\t\t<\/div>\n\t\t\t\t<\/div>\n\t\t\t\t<div class=\"elementor-element elementor-element-571fbdc elementor-widget elementor-widget-text-editor\" data-id=\"571fbdc\" data-element_type=\"widget\" data-widget_type=\"text-editor.default\">\n\t\t\t\t<div class=\"elementor-widget-container\">\n\t\t\t\t\t\t\t\t\t<h1><strong>Oferent\/Tw\u00f3rca<\/strong><\/h1><p>Oferuj swoje produkty, us\u0142ugi lub wiedz\u0119.<br data-start=\"783\" data-end=\"786\" \/>Docieraj do spo\u0142eczno\u015bci, kt\u00f3ra ceni jako\u015b\u0107 i autentyczno\u015b\u0107.<\/p>\t\t\t\t\t\t\t\t<\/div>\n\t\t\t\t<\/div>\n\t\t\t\t<div class=\"elementor-element elementor-element-ae5fcab elementor-widget elementor-widget-text-editor\" data-id=\"ae5fcab\" data-element_type=\"widget\" data-widget_type=\"text-editor.default\">\n\t\t\t\t<div class=\"elementor-widget-container\">\n\t\t\t\t\t\t\t\t\t<h1>\u00a0 \u00a0 \u00a0\u00a0 <strong>Klient\/Nabywca<\/strong><\/h1><p>\u00a0 \u00a0 \u00a0 \u00a0 \u00a0 \u00a0 \u00a0 Korzystaj ze zdrowych produkt\u00f3w i us\u0142ug tworzonych przez spo\u0142eczno\u015b\u0107. Wybieraj \u015bwiadomie i wspieraj lokalnych producent\u00f3w.<\/p>\t\t\t\t\t\t\t\t<\/div>\n\t\t\t\t<\/div>\n\t\t\t\t<div class=\"elementor-element elementor-element-d484326 elementor-widget elementor-widget-text-editor\" data-id=\"d484326\" data-element_type=\"widget\" data-widget_type=\"text-editor.default\">\n\t\t\t\t<div class=\"elementor-widget-container\">\n\t\t\t\t\t\t\t\t\t<h1>Wsp\u00f3\u0142tw\u00f3rca\/Wolontariusz<\/h1><p>Zaanga\u017cuj si\u0119 w rozw\u00f3j projektu i jego inicjatyw.<br data-start=\"940\" data-end=\"943\" \/>Wsp\u00f3\u0142tw\u00f3rz przestrze\u0144 opart\u0105 na wsp\u00f3\u0142pracy i wsp\u00f3lnych warto\u015bciach.<\/p>\t\t\t\t\t\t\t\t<\/div>\n\t\t\t\t<\/div>\n\t\t\t\t<\/div>\n\t\t\t\t\t<\/div>\n\t\t\t\t<\/div>\n\t\t<div class=\"elementor-element elementor-element-929282f e-flex e-con-boxed e-con e-parent\" data-id=\"929282f\" data-element_type=\"container\">\n\t\t\t\t\t<div class=\"e-con-inner\">\n\t\t\t\t<div class=\"elementor-element elementor-element-b18cfd7 elementor-widget elementor-widget-heading\" data-id=\"b18cfd7\" data-element_type=\"widget\" data-widget_type=\"heading.default\">\n\t\t\t\t<div class=\"elementor-widget-container\">\n\t\t\t\t\t<h2 class=\"elementor-heading-title elementor-size-default\">Znajd\u017a swoje miejsce w ELM WORLD<\/h2>\t\t\t\t<\/div>\n\t\t\t\t<\/div>\n\t\t\t\t\t<\/div>\n\t\t\t\t<\/div>\n\t\t\t\t<\/div>","protected":false},"excerpt":{"rendered":"<p>DO\u0141\u0104CZ DO NAS \u201eNie musisz si\u0119 dopasowywa\u0107 \u2014 mo\u017cesz wsp\u00f3\u0142tworzy\u0107\u201d \u00a0\u00a0 Inwestor \u00a0 Wspieraj rozw\u00f3j projektu i wsp\u00f3\u0142tw\u00f3rz jego przysz\u0142o\u015b\u0107.We\u017a [&hellip;]<\/p>","protected":false},"author":1,"featured_media":0,"parent":0,"menu_order":0,"comment_status":"closed","ping_status":"closed","template":"","meta":{"site-sidebar-layout":"no-sidebar","site-content-layout":"","ast-site-content-layout":"full-width-container","site-content-style":"default","site-sidebar-style":"default","ast-global-header-display":"","ast-banner-title-visibility":"","ast-main-header-display":"","ast-hfb-above-header-display":"","ast-hfb-below-header-display":"","ast-hfb-mobile-header-display":"","site-post-title":"disabled","ast-breadcrumbs-content":"","ast-featured-img":"disabled","footer-sml-layout":"","theme-transparent-header-meta":"","adv-header-id-meta":"","stick-header-meta":"","header-above-stick-meta":"","header-main-stick-meta":"","header-below-stick-meta":"","astra-migrate-meta-layouts":"default","ast-page-background-enabled":"default","ast-page-background-meta":{"desktop":{"background-color":"var(--ast-global-color-5)","background-image":"","background-repeat":"repeat","background-position":"center center","background-size":"auto","background-attachment":"scroll","background-type":"","background-media":"","overlay-type":"","overlay-color":"","overlay-opacity":"","overlay-gradient":""},"tablet":{"background-color":"","background-image":"","background-repeat":"repeat","background-position":"center center","background-size":"auto","background-attachment":"scroll","background-type":"","background-media":"","overlay-type":"","overlay-color":"","overlay-opacity":"","overlay-gradient":""},"mobile":{"background-color":"","background-image":"","background-repeat":"repeat","background-position":"center center","background-size":"auto","background-attachment":"scroll","background-type":"","background-media":"","overlay-type":"","overlay-color":"","overlay-opacity":"","overlay-gradient":""}},"ast-content-background-meta":{"desktop":{"background-color":"var(--ast-global-color-4)","background-image":"","background-repeat":"repeat","background-position":"center center","background-size":"auto","background-attachment":"scroll","background-type":"","background-media":"","overlay-type":"","overlay-color":"","overlay-opacity":"","overlay-gradient":""},"tablet":{"background-color":"var(--ast-global-color-4)","background-image":"","background-repeat":"repeat","background-position":"center center","background-size":"auto","background-attachment":"scroll","background-type":"","background-media":"","overlay-type":"","overlay-color":"","overlay-opacity":"","overlay-gradient":""},"mobile":{"background-color":"var(--ast-global-color-4)","background-image":"","background-repeat":"repeat","background-position":"center center","background-size":"auto","background-attachment":"scroll","background-type":"","background-media":"","overlay-type":"","overlay-color":"","overlay-opacity":"","overlay-gradient":""}},"footnotes":""},"class_list":["post-37","page","type-page","status-publish","hentry"],"_links":{"self":[{"href":"https:\/\/www.elm.world\/en\/wp-json\/wp\/v2\/pages\/37","targetHints":{"allow":["GET"]}}],"collection":[{"href":"https:\/\/www.elm.world\/en\/wp-json\/wp\/v2\/pages"}],"about":[{"href":"https:\/\/www.elm.world\/en\/wp-json\/wp\/v2\/types\/page"}],"author":[{"embeddable":true,"href":"https:\/\/www.elm.world\/en\/wp-json\/wp\/v2\/users\/1"}],"replies":[{"embeddable":true,"href":"https:\/\/www.elm.world\/en\/wp-json\/wp\/v2\/comments?post=37"}],"version-history":[{"count":32,"href":"https:\/\/www.elm.world\/en\/wp-json\/wp\/v2\/pages\/37\/revisions"}],"predecessor-version":[{"id":486,"href":"https:\/\/www.elm.world\/en\/wp-json\/wp\/v2\/pages\/37\/revisions\/486"}],"wp:attachment":[{"href":"https:\/\/www.elm.world\/en\/wp-json\/wp\/v2\/media?parent=37"}],"curies":[{"name":"wp","href":"https:\/\/api.w.org\/{rel}","templated":true}]}}