{"id":33,"date":"2025-04-10T03:36:16","date_gmt":"2025-04-10T02:36:16","guid":{"rendered":"https:\/\/www.elm.world\/?page_id=33"},"modified":"2026-04-05T22:54:43","modified_gmt":"2026-04-05T21:54:43","slug":"offer","status":"publish","type":"page","link":"https:\/\/www.elm.world\/en\/offer\/","title":{"rendered":"OFERTA"},"content":{"rendered":"<div data-elementor-type=\"wp-page\" data-elementor-id=\"33\" class=\"elementor elementor-33\" data-elementor-post-type=\"page\">\n\t\t\t\t<div class=\"elementor-element elementor-element-32f94ea e-flex e-con-boxed e-con e-parent\" data-id=\"32f94ea\" data-element_type=\"container\" data-settings=\"{&quot;background_background&quot;:&quot;slideshow&quot;,&quot;background_slideshow_gallery&quot;:[{&quot;id&quot;:118,&quot;url&quot;:&quot;https:\\\/\\\/www.elm.world\\\/wp-content\\\/uploads\\\/2025\\\/04\\\/ChatGPT-Image-Apr-14-2025-04_50_59-PM.png&quot;}],&quot;background_slideshow_loop&quot;:&quot;yes&quot;,&quot;background_slideshow_slide_duration&quot;:5000,&quot;background_slideshow_slide_transition&quot;:&quot;fade&quot;,&quot;background_slideshow_transition_duration&quot;:500}\">\n\t\t\t\t\t<div class=\"e-con-inner\">\n\t\t\t\t<div class=\"elementor-element elementor-element-6453a4e elementor-widget elementor-widget-heading\" data-id=\"6453a4e\" data-element_type=\"widget\" data-widget_type=\"heading.default\">\n\t\t\t\t<div class=\"elementor-widget-container\">\n\t\t\t\t\t<h2 class=\"elementor-heading-title elementor-size-default\">Oferta<\/h2>\t\t\t\t<\/div>\n\t\t\t\t<\/div>\n\t\t\t\t\t<\/div>\n\t\t\t\t<\/div>\n\t\t<div class=\"elementor-element elementor-element-b074573 e-flex e-con-boxed e-con e-parent\" data-id=\"b074573\" data-element_type=\"container\" data-settings=\"{&quot;background_background&quot;:&quot;classic&quot;}\">\n\t\t\t\t\t<div class=\"e-con-inner\">\n\t\t<div class=\"elementor-element elementor-element-ccdf5a9 e-con-full e-grid e-con e-child\" data-id=\"ccdf5a9\" data-element_type=\"container\">\n\t\t\t\t<div class=\"elementor-element elementor-element-fccfcb3 elementor-align-justify elementor-absolute elementor-widget elementor-widget-button\" data-id=\"fccfcb3\" data-element_type=\"widget\" data-settings=\"{&quot;_position&quot;:&quot;absolute&quot;}\" data-widget_type=\"button.default\">\n\t\t\t\t<div class=\"elementor-widget-container\">\n\t\t\t\t\t\t\t\t\t<div class=\"elementor-button-wrapper\">\n\t\t\t\t\t<a class=\"elementor-button elementor-button-link elementor-size-sm\" href=\"#\">\n\t\t\t\t\t\t<span class=\"elementor-button-content-wrapper\">\n\t\t\t\t\t\t\t\t\t<span class=\"elementor-button-text\">Click here<\/span>\n\t\t\t\t\t<\/span>\n\t\t\t\t\t<\/a>\n\t\t\t\t<\/div>\n\t\t\t\t\t\t\t\t<\/div>\n\t\t\t\t<\/div>\n\t\t\t\t<div class=\"elementor-element elementor-element-76c19c9 elementor-align-justify elementor-absolute elementor-widget elementor-widget-button\" data-id=\"76c19c9\" data-element_type=\"widget\" data-settings=\"{&quot;_position&quot;:&quot;absolute&quot;}\" data-widget_type=\"button.default\">\n\t\t\t\t<div class=\"elementor-widget-container\">\n\t\t\t\t\t\t\t\t\t<div class=\"elementor-button-wrapper\">\n\t\t\t\t\t<a class=\"elementor-button elementor-button-link elementor-size-sm\" href=\"#\">\n\t\t\t\t\t\t<span class=\"elementor-button-content-wrapper\">\n\t\t\t\t\t\t\t\t\t<span class=\"elementor-button-text\">Click here<\/span>\n\t\t\t\t\t<\/span>\n\t\t\t\t\t<\/a>\n\t\t\t\t<\/div>\n\t\t\t\t\t\t\t\t<\/div>\n\t\t\t\t<\/div>\n\t\t\t\t<div class=\"elementor-element elementor-element-5ec0129 elementor-align-justify elementor-absolute elementor-widget elementor-widget-button\" data-id=\"5ec0129\" data-element_type=\"widget\" data-settings=\"{&quot;_position&quot;:&quot;absolute&quot;}\" data-widget_type=\"button.default\">\n\t\t\t\t<div class=\"elementor-widget-container\">\n\t\t\t\t\t\t\t\t\t<div class=\"elementor-button-wrapper\">\n\t\t\t\t\t<a class=\"elementor-button elementor-button-link elementor-size-sm\" href=\"#\">\n\t\t\t\t\t\t<span class=\"elementor-button-content-wrapper\">\n\t\t\t\t\t\t\t\t\t<span class=\"elementor-button-text\">Click here<\/span>\n\t\t\t\t\t<\/span>\n\t\t\t\t\t<\/a>\n\t\t\t\t<\/div>\n\t\t\t\t\t\t\t\t<\/div>\n\t\t\t\t<\/div>\n\t\t\t\t<div class=\"elementor-element elementor-element-4a3aa68 elementor-widget__width-initial elementor-position-top elementor-widget elementor-widget-image-box\" data-id=\"4a3aa68\" data-element_type=\"widget\" data-widget_type=\"image-box.default\">\n\t\t\t\t<div class=\"elementor-widget-container\">\n\t\t\t\t\t<div class=\"elementor-image-box-wrapper\"><figure class=\"elementor-image-box-img\"><img decoding=\"async\" src=\"https:\/\/www.elm.world\/wp-content\/uploads\/elementor\/thumbs\/ChatGPT-Image-Apr-14-2025-10_30_06-AM-r6nm4dl2t04a5npleyfro2wslk5j9kaw499ju46bbk.png\" title=\"ChatGPT Image Apr 14, 2025, 10_30_06 AM\" alt=\"ChatGPT Image Apr 14, 2025, 10_30_06 AM\" loading=\"lazy\" \/><\/figure><div class=\"elementor-image-box-content\"><h3 class=\"elementor-image-box-title\">Eko-domy i naturalne budownictwo<\/h3><p class=\"elementor-image-box-description\">Tworzenie zdrowych, energooszcz\u0119dnych przestrzeni do \u017cycia w zgodzie z natur\u0105.<\/p><\/div><\/div>\t\t\t\t<\/div>\n\t\t\t\t<\/div>\n\t\t\t\t<div class=\"elementor-element elementor-element-8e26785 elementor-widget__width-initial elementor-position-top elementor-widget elementor-widget-image-box\" data-id=\"8e26785\" data-element_type=\"widget\" data-widget_type=\"image-box.default\">\n\t\t\t\t<div class=\"elementor-widget-container\">\n\t\t\t\t\t<div class=\"elementor-image-box-wrapper\"><figure class=\"elementor-image-box-img\"><img decoding=\"async\" src=\"https:\/\/www.elm.world\/wp-content\/uploads\/elementor\/thumbs\/woman-bringing-platter-to-table-Google-Search-r6nm7cqog46yx7dy18r8kbvcbhhdn24aizmwjnrfm8.jpg\" title=\"woman bringing platter to table &#8211; Google Search\" alt=\"woman bringing platter to table - Google Search\" loading=\"lazy\" \/><\/figure><div class=\"elementor-image-box-content\"><h3 class=\"elementor-image-box-title\"><br>Eko-rolnictwo i uprawy naturalne<\/h3><p class=\"elementor-image-box-description\">Zr\u00f3wnowa\u017cone metody produkcji \u017cywno\u015bci, \noparte na szacunku do ziemi i cykli natury<\/p><\/div><\/div>\t\t\t\t<\/div>\n\t\t\t\t<\/div>\n\t\t\t\t<div class=\"elementor-element elementor-element-851b919 elementor-widget__width-initial elementor-position-top elementor-widget elementor-widget-image-box\" data-id=\"851b919\" data-element_type=\"widget\" data-widget_type=\"image-box.default\">\n\t\t\t\t<div class=\"elementor-widget-container\">\n\t\t\t\t\t<div class=\"elementor-image-box-wrapper\"><figure class=\"elementor-image-box-img\"><img decoding=\"async\" src=\"https:\/\/www.elm.world\/wp-content\/uploads\/elementor\/thumbs\/ekozywnosc-1-rlj0hwgijc514xw50u0sa05w385n1sz534vhij1xhs.jpg\" title=\"ekozywnosc\" alt=\"ekozywnosc\" loading=\"lazy\" \/><\/figure><div class=\"elementor-image-box-content\"><h3 class=\"elementor-image-box-title\">Zdrowa \u017cywno\u015b\u0107 i dystrybucja<\/h3><p class=\"elementor-image-box-description\">Bezpo\u015bredni dost\u0119p do certyfikowanych produkt\u00f3w ekologicznych i lokalnych wytw\u00f3rc\u00f3w.<\/p><\/div><\/div>\t\t\t\t<\/div>\n\t\t\t\t<\/div>\n\t\t\t\t<\/div>\n\t\t<div class=\"elementor-element elementor-element-92090b0 e-con-full e-grid e-con e-child\" data-id=\"92090b0\" data-element_type=\"container\">\n\t\t\t\t<div class=\"elementor-element elementor-element-773fa15 elementor-align-justify elementor-absolute elementor-widget elementor-widget-button\" data-id=\"773fa15\" data-element_type=\"widget\" data-settings=\"{&quot;_position&quot;:&quot;absolute&quot;}\" data-widget_type=\"button.default\">\n\t\t\t\t<div class=\"elementor-widget-container\">\n\t\t\t\t\t\t\t\t\t<div class=\"elementor-button-wrapper\">\n\t\t\t\t\t<a class=\"elementor-button elementor-button-link elementor-size-sm\" href=\"#\">\n\t\t\t\t\t\t<span class=\"elementor-button-content-wrapper\">\n\t\t\t\t\t\t\t\t\t<span class=\"elementor-button-text\">Click here<\/span>\n\t\t\t\t\t<\/span>\n\t\t\t\t\t<\/a>\n\t\t\t\t<\/div>\n\t\t\t\t\t\t\t\t<\/div>\n\t\t\t\t<\/div>\n\t\t\t\t<div class=\"elementor-element elementor-element-fff38c3 elementor-align-justify elementor-absolute elementor-widget elementor-widget-button\" data-id=\"fff38c3\" data-element_type=\"widget\" data-settings=\"{&quot;_position&quot;:&quot;absolute&quot;}\" data-widget_type=\"button.default\">\n\t\t\t\t<div class=\"elementor-widget-container\">\n\t\t\t\t\t\t\t\t\t<div class=\"elementor-button-wrapper\">\n\t\t\t\t\t<a class=\"elementor-button elementor-button-link elementor-size-sm\" href=\"#\">\n\t\t\t\t\t\t<span class=\"elementor-button-content-wrapper\">\n\t\t\t\t\t\t\t\t\t<span class=\"elementor-button-text\">Click here<\/span>\n\t\t\t\t\t<\/span>\n\t\t\t\t\t<\/a>\n\t\t\t\t<\/div>\n\t\t\t\t\t\t\t\t<\/div>\n\t\t\t\t<\/div>\n\t\t\t\t<div class=\"elementor-element elementor-element-acf9744 elementor-align-justify elementor-absolute elementor-widget elementor-widget-button\" data-id=\"acf9744\" data-element_type=\"widget\" data-settings=\"{&quot;_position&quot;:&quot;absolute&quot;}\" data-widget_type=\"button.default\">\n\t\t\t\t<div class=\"elementor-widget-container\">\n\t\t\t\t\t\t\t\t\t<div class=\"elementor-button-wrapper\">\n\t\t\t\t\t<a class=\"elementor-button elementor-button-link elementor-size-sm\" href=\"#\">\n\t\t\t\t\t\t<span class=\"elementor-button-content-wrapper\">\n\t\t\t\t\t\t\t\t\t<span class=\"elementor-button-text\">Click here<\/span>\n\t\t\t\t\t<\/span>\n\t\t\t\t\t<\/a>\n\t\t\t\t<\/div>\n\t\t\t\t\t\t\t\t<\/div>\n\t\t\t\t<\/div>\n\t\t\t\t<div class=\"elementor-element elementor-element-4366022 elementor-widget__width-initial elementor-position-top elementor-widget elementor-widget-image-box\" data-id=\"4366022\" data-element_type=\"widget\" data-widget_type=\"image-box.default\">\n\t\t\t\t<div class=\"elementor-widget-container\">\n\t\t\t\t\t<div class=\"elementor-image-box-wrapper\"><figure class=\"elementor-image-box-img\"><img decoding=\"async\" src=\"https:\/\/www.elm.world\/wp-content\/uploads\/elementor\/thumbs\/Eco-Village-Laguna-Verde-Eco-Village-Vallegina-Eco-Village-Punta-Cana-Eco-Village-Bavaro-r6nm7jbjryfz6h4dytlmjs7kh6ky4xuevw7awlhoeo.jpg\" title=\"Eco Village Laguna Verde, Eco Village Vallegina, Eco Village Punta Cana, Eco Village Bavaro\" alt=\"Eco Village Laguna Verde, Eco Village Vallegina, Eco Village Punta Cana, Eco Village Bavaro\" loading=\"lazy\" \/><\/figure><div class=\"elementor-image-box-content\"><h3 class=\"elementor-image-box-title\">Eko-wioski i spo\u0142eczno\u015bci<\/h3><p class=\"elementor-image-box-description\">Tworzenie przestrzeni do \u017cycia, wsp\u00f3\u0142pracy \ni wzajemnego wsparcia.<\/p><\/div><\/div>\t\t\t\t<\/div>\n\t\t\t\t<\/div>\n\t\t\t\t<div class=\"elementor-element elementor-element-a916228 elementor-widget__width-initial elementor-position-top elementor-widget elementor-widget-image-box\" data-id=\"a916228\" data-element_type=\"widget\" data-widget_type=\"image-box.default\">\n\t\t\t\t<div class=\"elementor-widget-container\">\n\t\t\t\t\t<div class=\"elementor-image-box-wrapper\"><figure class=\"elementor-image-box-img\"><img decoding=\"async\" src=\"https:\/\/www.elm.world\/wp-content\/uploads\/elementor\/thumbs\/download-48-r6nmdp5gkuvnag65zhhkw88co47klib2ee5w5wcrm8.jpg\" title=\"download (48)\" alt=\"download (48)\" loading=\"lazy\" \/><\/figure><div class=\"elementor-image-box-content\"><h3 class=\"elementor-image-box-title\">Eko-o\u015brodki i przestrzenie wypoczynku<\/h3><p class=\"elementor-image-box-description\">Miejsca regeneracji, kontaktu z natur\u0105 i powrotu do r\u00f3wnowagi.<\/p><\/div><\/div>\t\t\t\t<\/div>\n\t\t\t\t<\/div>\n\t\t\t\t<div class=\"elementor-element elementor-element-8d2e4ec elementor-widget__width-initial elementor-position-top elementor-widget elementor-widget-image-box\" data-id=\"8d2e4ec\" data-element_type=\"widget\" data-widget_type=\"image-box.default\">\n\t\t\t\t<div class=\"elementor-widget-container\">\n\t\t\t\t\t<div class=\"elementor-image-box-wrapper\"><figure class=\"elementor-image-box-img\"><img decoding=\"async\" src=\"https:\/\/www.elm.world\/wp-content\/uploads\/elementor\/thumbs\/jY-rlj0beep9l8mu1c3ziuoj5846a78t65z6yfl0moyj4.jpg\" title=\"jY\" alt=\"jY\" loading=\"lazy\" \/><\/figure><div class=\"elementor-image-box-content\"><h3 class=\"elementor-image-box-title\">Zdrowie holistyczne<\/h3><p class=\"elementor-image-box-description\">Podej\u015bcie do zdrowia obejmuj\u0105ce cia\u0142o, umys\u0142 i emocje \u2014 naturalne metody wsparcia i profilaktyki.\n<\/p><\/div><\/div>\t\t\t\t<\/div>\n\t\t\t\t<\/div>\n\t\t\t\t<\/div>\n\t\t<div class=\"elementor-element elementor-element-73e5175 e-con-full e-grid e-con e-child\" data-id=\"73e5175\" data-element_type=\"container\">\n\t\t\t\t<div class=\"elementor-element elementor-element-7347ca7 elementor-align-justify elementor-absolute elementor-widget elementor-widget-button\" data-id=\"7347ca7\" data-element_type=\"widget\" data-settings=\"{&quot;_position&quot;:&quot;absolute&quot;}\" data-widget_type=\"button.default\">\n\t\t\t\t<div class=\"elementor-widget-container\">\n\t\t\t\t\t\t\t\t\t<div class=\"elementor-button-wrapper\">\n\t\t\t\t\t<a class=\"elementor-button elementor-button-link elementor-size-sm\" href=\"#\">\n\t\t\t\t\t\t<span class=\"elementor-button-content-wrapper\">\n\t\t\t\t\t\t\t\t\t<span class=\"elementor-button-text\">Click here<\/span>\n\t\t\t\t\t<\/span>\n\t\t\t\t\t<\/a>\n\t\t\t\t<\/div>\n\t\t\t\t\t\t\t\t<\/div>\n\t\t\t\t<\/div>\n\t\t\t\t<div class=\"elementor-element elementor-element-7f96baf elementor-align-justify elementor-absolute elementor-widget elementor-widget-button\" data-id=\"7f96baf\" data-element_type=\"widget\" data-settings=\"{&quot;_position&quot;:&quot;absolute&quot;}\" data-widget_type=\"button.default\">\n\t\t\t\t<div class=\"elementor-widget-container\">\n\t\t\t\t\t\t\t\t\t<div class=\"elementor-button-wrapper\">\n\t\t\t\t\t<a class=\"elementor-button elementor-button-link elementor-size-sm\" href=\"#\">\n\t\t\t\t\t\t<span class=\"elementor-button-content-wrapper\">\n\t\t\t\t\t\t\t\t\t<span class=\"elementor-button-text\">Click here<\/span>\n\t\t\t\t\t<\/span>\n\t\t\t\t\t<\/a>\n\t\t\t\t<\/div>\n\t\t\t\t\t\t\t\t<\/div>\n\t\t\t\t<\/div>\n\t\t\t\t<div class=\"elementor-element elementor-element-531910b elementor-align-justify elementor-absolute elementor-widget elementor-widget-button\" data-id=\"531910b\" data-element_type=\"widget\" data-settings=\"{&quot;_position&quot;:&quot;absolute&quot;}\" data-widget_type=\"button.default\">\n\t\t\t\t<div class=\"elementor-widget-container\">\n\t\t\t\t\t\t\t\t\t<div class=\"elementor-button-wrapper\">\n\t\t\t\t\t<a class=\"elementor-button elementor-button-link elementor-size-sm\" href=\"#\">\n\t\t\t\t\t\t<span class=\"elementor-button-content-wrapper\">\n\t\t\t\t\t\t\t\t\t<span class=\"elementor-button-text\">Click here<\/span>\n\t\t\t\t\t<\/span>\n\t\t\t\t\t<\/a>\n\t\t\t\t<\/div>\n\t\t\t\t\t\t\t\t<\/div>\n\t\t\t\t<\/div>\n\t\t\t\t<div class=\"elementor-element elementor-element-99739b6 elementor-widget__width-initial elementor-position-top elementor-widget elementor-widget-image-box\" data-id=\"99739b6\" data-element_type=\"widget\" data-widget_type=\"image-box.default\">\n\t\t\t\t<div class=\"elementor-widget-container\">\n\t\t\t\t\t<div class=\"elementor-image-box-wrapper\"><figure class=\"elementor-image-box-img\"><img decoding=\"async\" src=\"https:\/\/www.elm.world\/wp-content\/uploads\/elementor\/thumbs\/pomoc-prawa-rlj0dbyrbbvup6j2pcx2nno84soemru44ipij3ttqo.jpg\" title=\"pomoc prawa\" alt=\"pomoc prawa\" loading=\"lazy\" \/><\/figure><div class=\"elementor-image-box-content\"><h3 class=\"elementor-image-box-title\">Wsparcie prawne i organizacyjne<\/h3><p class=\"elementor-image-box-description\">Pomoc w zakresie formalnym, strukturalnym i rozwoju inicjatyw spo\u0142ecznych.<\/p><\/div><\/div>\t\t\t\t<\/div>\n\t\t\t\t<\/div>\n\t\t\t\t<div class=\"elementor-element elementor-element-6f6c6d4 elementor-widget__width-initial elementor-position-top elementor-widget elementor-widget-image-box\" data-id=\"6f6c6d4\" data-element_type=\"widget\" data-widget_type=\"image-box.default\">\n\t\t\t\t<div class=\"elementor-widget-container\">\n\t\t\t\t\t<div class=\"elementor-image-box-wrapper\"><figure class=\"elementor-image-box-img\"><img decoding=\"async\" src=\"https:\/\/www.elm.world\/wp-content\/uploads\/elementor\/thumbs\/it-prof-rlkkhp8b4nm7jtty669tjboq30jedzk4wey4d27hlc.jpg\" title=\"it prof\" alt=\"it prof\" loading=\"lazy\" \/><\/figure><div class=\"elementor-image-box-content\"><h3 class=\"elementor-image-box-title\">Prywatna infrastruktura cyfrowa<\/h3><p class=\"elementor-image-box-description\">Bezpieczne narz\u0119dzia do komunikacji, wsp\u00f3\u0142pracy i zarz\u0105dzania spo\u0142eczno\u015bci\u0105 \u2014 bez po\u015brednik\u00f3w.<\/p><\/div><\/div>\t\t\t\t<\/div>\n\t\t\t\t<\/div>\n\t\t\t\t<div class=\"elementor-element elementor-element-7f79291 elementor-widget__width-initial elementor-position-top elementor-widget elementor-widget-image-box\" data-id=\"7f79291\" data-element_type=\"widget\" data-widget_type=\"image-box.default\">\n\t\t\t\t<div class=\"elementor-widget-container\">\n\t\t\t\t\t<div class=\"elementor-image-box-wrapper\"><figure class=\"elementor-image-box-img\"><img decoding=\"async\" src=\"https:\/\/www.elm.world\/wp-content\/uploads\/elementor\/thumbs\/edukacja-rlkkogoiaqvh2u0boli6z493xt7grlem5vwvnq6its.jpg\" title=\"edukacja\" alt=\"edukacja\" loading=\"lazy\" \/><\/figure><div class=\"elementor-image-box-content\"><h3 class=\"elementor-image-box-title\">Wolna edukacja i akademia<\/h3><p class=\"elementor-image-box-description\">Warsztaty, spotkania i programy edukacyjne rozwijaj\u0105ce \u015bwiadomo\u015b\u0107 i praktyczne umiej\u0119tno\u015bci.<\/p><\/div><\/div>\t\t\t\t<\/div>\n\t\t\t\t<\/div>\n\t\t\t\t<\/div>\n\t\t\t\t\t<\/div>\n\t\t\t\t<\/div>\n\t\t\t\t<\/div>","protected":false},"excerpt":{"rendered":"<p>Oferta Click here Click here Click here Eko-domy i naturalne budownictwo Tworzenie zdrowych, energooszcz\u0119dnych przestrzeni do \u017cycia w zgodzie z [&hellip;]<\/p>","protected":false},"author":1,"featured_media":0,"parent":0,"menu_order":0,"comment_status":"closed","ping_status":"closed","template":"","meta":{"site-sidebar-layout":"no-sidebar","site-content-layout":"","ast-site-content-layout":"full-width-container","site-content-style":"default","site-sidebar-style":"default","ast-global-header-display":"","ast-banner-title-visibility":"","ast-main-header-display":"","ast-hfb-above-header-display":"","ast-hfb-below-header-display":"","ast-hfb-mobile-header-display":"","site-post-title":"disabled","ast-breadcrumbs-content":"","ast-featured-img":"disabled","footer-sml-layout":"","theme-transparent-header-meta":"","adv-header-id-meta":"","stick-header-meta":"","header-above-stick-meta":"","header-main-stick-meta":"","header-below-stick-meta":"","astra-migrate-meta-layouts":"default","ast-page-background-enabled":"default","ast-page-background-meta":{"desktop":{"background-color":"var(--ast-global-color-5)","background-image":"","background-repeat":"repeat","background-position":"center center","background-size":"auto","background-attachment":"scroll","background-type":"","background-media":"","overlay-type":"","overlay-color":"","overlay-opacity":"","overlay-gradient":""},"tablet":{"background-color":"","background-image":"","background-repeat":"repeat","background-position":"center center","background-size":"auto","background-attachment":"scroll","background-type":"","background-media":"","overlay-type":"","overlay-color":"","overlay-opacity":"","overlay-gradient":""},"mobile":{"background-color":"","background-image":"","background-repeat":"repeat","background-position":"center center","background-size":"auto","background-attachment":"scroll","background-type":"","background-media":"","overlay-type":"","overlay-color":"","overlay-opacity":"","overlay-gradient":""}},"ast-content-background-meta":{"desktop":{"background-color":"var(--ast-global-color-4)","background-image":"","background-repeat":"repeat","background-position":"center center","background-size":"auto","background-attachment":"scroll","background-type":"","background-media":"","overlay-type":"","overlay-color":"","overlay-opacity":"","overlay-gradient":""},"tablet":{"background-color":"var(--ast-global-color-4)","background-image":"","background-repeat":"repeat","background-position":"center center","background-size":"auto","background-attachment":"scroll","background-type":"","background-media":"","overlay-type":"","overlay-color":"","overlay-opacity":"","overlay-gradient":""},"mobile":{"background-color":"var(--ast-global-color-4)","background-image":"","background-repeat":"repeat","background-position":"center center","background-size":"auto","background-attachment":"scroll","background-type":"","background-media":"","overlay-type":"","overlay-color":"","overlay-opacity":"","overlay-gradient":""}},"footnotes":""},"class_list":["post-33","page","type-page","status-publish","hentry"],"_links":{"self":[{"href":"https:\/\/www.elm.world\/en\/wp-json\/wp\/v2\/pages\/33","targetHints":{"allow":["GET"]}}],"collection":[{"href":"https:\/\/www.elm.world\/en\/wp-json\/wp\/v2\/pages"}],"about":[{"href":"https:\/\/www.elm.world\/en\/wp-json\/wp\/v2\/types\/page"}],"author":[{"embeddable":true,"href":"https:\/\/www.elm.world\/en\/wp-json\/wp\/v2\/users\/1"}],"replies":[{"embeddable":true,"href":"https:\/\/www.elm.world\/en\/wp-json\/wp\/v2\/comments?post=33"}],"version-history":[{"count":38,"href":"https:\/\/www.elm.world\/en\/wp-json\/wp\/v2\/pages\/33\/revisions"}],"predecessor-version":[{"id":512,"href":"https:\/\/www.elm.world\/en\/wp-json\/wp\/v2\/pages\/33\/revisions\/512"}],"wp:attachment":[{"href":"https:\/\/www.elm.world\/en\/wp-json\/wp\/v2\/media?parent=33"}],"curies":[{"name":"wp","href":"https:\/\/api.w.org\/{rel}","templated":true}]}}