{"id":31,"date":"2025-04-10T03:35:35","date_gmt":"2025-04-10T02:35:35","guid":{"rendered":"https:\/\/www.elm.world\/?page_id=31"},"modified":"2026-04-05T18:42:18","modified_gmt":"2026-04-05T17:42:18","slug":"project-elm","status":"publish","type":"page","link":"https:\/\/www.elm.world\/en\/project-elm\/","title":{"rendered":"PROJEKT ELM"},"content":{"rendered":"<div data-elementor-type=\"wp-page\" data-elementor-id=\"31\" class=\"elementor elementor-31\" data-elementor-post-type=\"page\">\n\t\t\t\t<div class=\"elementor-element elementor-element-26b08f0 e-flex e-con-boxed e-con e-parent\" data-id=\"26b08f0\" data-element_type=\"container\" data-settings=\"{&quot;background_background&quot;:&quot;slideshow&quot;,&quot;background_slideshow_gallery&quot;:[{&quot;id&quot;:100,&quot;url&quot;:&quot;https:\\\/\\\/www.elm.world\\\/wp-content\\\/uploads\\\/2025\\\/04\\\/ChatGPT-Image-Apr-14-2025-03_13_09-PM.png&quot;}],&quot;background_slideshow_loop&quot;:&quot;yes&quot;,&quot;background_slideshow_slide_duration&quot;:5000,&quot;background_slideshow_slide_transition&quot;:&quot;fade&quot;,&quot;background_slideshow_transition_duration&quot;:500}\">\n\t\t\t\t\t<div class=\"e-con-inner\">\n\t\t\t\t<div class=\"elementor-element elementor-element-881d5bd elementor-widget elementor-widget-heading\" data-id=\"881d5bd\" data-element_type=\"widget\" data-widget_type=\"heading.default\">\n\t\t\t\t<div class=\"elementor-widget-container\">\n\t\t\t\t\t<h2 class=\"elementor-heading-title elementor-size-default\">Nasza Misja i Cele<\/h2>\t\t\t\t<\/div>\n\t\t\t\t<\/div>\n\t\t\t\t\t<\/div>\n\t\t\t\t<\/div>\n\t\t<div class=\"elementor-element elementor-element-10e474a e-flex e-con-boxed e-con e-parent\" data-id=\"10e474a\" data-element_type=\"container\" data-settings=\"{&quot;background_background&quot;:&quot;classic&quot;}\">\n\t\t\t\t\t<div class=\"e-con-inner\">\n\t\t\t\t<div class=\"elementor-element elementor-element-90dd1eb elementor-widget elementor-widget-heading\" data-id=\"90dd1eb\" data-element_type=\"widget\" data-widget_type=\"heading.default\">\n\t\t\t\t<div class=\"elementor-widget-container\">\n\t\t\t\t\t<h2 class=\"elementor-heading-title elementor-size-default\">PROJEKT ELM<\/h2>\t\t\t\t<\/div>\n\t\t\t\t<\/div>\n\t\t<div class=\"elementor-element elementor-element-59f861a e-con-full e-flex e-con e-child\" data-id=\"59f861a\" data-element_type=\"container\">\n\t\t\t\t<div class=\"elementor-element elementor-element-d35e484 elementor-widget__width-initial elementor-widget-mobile__width-initial elementor-widget elementor-widget-text-editor\" data-id=\"d35e484\" data-element_type=\"widget\" data-widget_type=\"text-editor.default\">\n\t\t\t\t<div class=\"elementor-widget-container\">\n\t\t\t\t\t\t\t\t\t<h2 data-section-id=\"dklexd\" data-start=\"655\" data-end=\"683\"><span role=\"text\"><strong data-start=\"658\" data-end=\"683\">Od wizji do dzia\u0142ania<\/strong><\/span><\/h2><p data-start=\"685\" data-end=\"729\">Z tej wizji powsta\u0142 projekt <strong data-start=\"713\" data-end=\"726\">ELM WORLD<\/strong>.<\/p><p data-start=\"731\" data-end=\"892\">To inicjatywa, kt\u00f3rej celem jest tworzenie nowego modelu wsp\u00f3\u0142pracy \u2014<br data-start=\"800\" data-end=\"803\" \/>opartego na kooperatywach spo\u0142ecznych, gdzie ludzie dzia\u0142aj\u0105 razem dla wsp\u00f3lnego dobra.<\/p><hr data-start=\"894\" data-end=\"897\" \/><h2 data-section-id=\"1tog10n\" data-start=\"899\" data-end=\"939\"><span role=\"text\"><strong data-start=\"902\" data-end=\"939\">Spo\u0142eczno\u015b\u0107, kt\u00f3ra tworzy warto\u015b\u0107<\/strong><\/span><\/h2><p data-start=\"941\" data-end=\"1048\">ELM WORLD \u0142\u0105czy ludzi z r\u00f3\u017cnych dziedzin, kt\u00f3rych wsp\u00f3lnym mianownikiem jest \u015bwiadomo\u015b\u0107 i odpowiedzialno\u015b\u0107:<\/p><p data-start=\"1050\" data-end=\"1219\">\u2013 rolnik\u00f3w<br data-start=\"1060\" data-end=\"1063\" \/>\u2013 producent\u00f3w certyfikowanej \u017cywno\u015bci ekologicznej<br data-start=\"1113\" data-end=\"1116\" \/>\u2013 rzemie\u015blnik\u00f3w i artyst\u00f3w<br data-start=\"1142\" data-end=\"1145\" \/>\u2013 ekolog\u00f3w i zielarzy<br data-start=\"1166\" data-end=\"1169\" \/>\u2013 oraz wszystkich, kt\u00f3rzy chc\u0105 \u017cy\u0107 bli\u017cej natury<\/p><p data-start=\"1221\" data-end=\"1289\">To przestrze\u0144, w kt\u00f3rej ka\u017cdy wnosi swoj\u0105 warto\u015b\u0107 i do\u015bwiadczenie.<\/p>\t\t\t\t\t\t\t\t<\/div>\n\t\t\t\t<\/div>\n\t\t\t\t<div class=\"elementor-element elementor-element-500cd43 elementor-widget__width-initial elementor-view-default elementor-widget elementor-widget-icon\" data-id=\"500cd43\" data-element_type=\"widget\" data-widget_type=\"icon.default\">\n\t\t\t\t<div class=\"elementor-widget-container\">\n\t\t\t\t\t\t\t<div class=\"elementor-icon-wrapper\">\n\t\t\t<div class=\"elementor-icon\">\n\t\t\t<svg aria-hidden=\"true\" class=\"e-font-icon-svg e-fas-leaf\" viewbox=\"0 0 576 512\" xmlns=\"http:\/\/www.w3.org\/2000\/svg\"><path d=\"M546.2 9.7c-5.6-12.5-21.6-13-28.3-1.2C486.9 62.4 431.4 96 368 96h-80C182 96 96 182 96 288c0 7 .8 13.7 1.5 20.5C161.3 262.8 253.4 224 384 224c8.8 0 16 7.2 16 16s-7.2 16-16 16C132.6 256 26 410.1 2.4 468c-6.6 16.3 1.2 34.9 17.5 41.6 16.4 6.8 35-1.1 41.8-17.3 1.5-3.6 20.9-47.9 71.9-90.6 32.4 43.9 94 85.8 174.9 77.2C465.5 467.5 576 326.7 576 154.3c0-50.2-10.8-102.2-29.8-144.6z\"><\/path><\/svg>\t\t\t<\/div>\n\t\t<\/div>\n\t\t\t\t\t\t<\/div>\n\t\t\t\t<\/div>\n\t\t\t\t<\/div>\n\t\t<div class=\"elementor-element elementor-element-a02c68c e-con-full e-flex e-con e-child\" data-id=\"a02c68c\" data-element_type=\"container\">\n\t\t\t\t<div class=\"elementor-element elementor-element-6abc594 elementor-widget__width-initial elementor-widget-mobile__width-initial elementor-widget elementor-widget-text-editor\" data-id=\"6abc594\" data-element_type=\"widget\" data-widget_type=\"text-editor.default\">\n\t\t\t\t<div class=\"elementor-widget-container\">\n\t\t\t\t\t\t\t\t\t<h2 data-section-id=\"d0zmou\" data-start=\"1296\" data-end=\"1314\"><span role=\"text\"><strong data-start=\"1299\" data-end=\"1314\">Nasza misja<\/strong><\/span><\/h2><p data-start=\"1316\" data-end=\"1452\">Nasz\u0105 misj\u0105 jest tworzenie ekologicznych osad oraz wspieranie stylu \u017cycia, kt\u00f3ry opiera si\u0119 na r\u00f3wnowadze mi\u0119dzy cz\u0142owiekiem a natur\u0105.<\/p><p data-start=\"1454\" data-end=\"1479\">Realizujemy j\u0105 poprzez:<\/p><p data-start=\"1481\" data-end=\"1687\">\u2013 naturalne i zr\u00f3wnowa\u017cone budownictwo<br data-start=\"1519\" data-end=\"1522\" \/>\u2013 upraw\u0119 ro\u015blin i produkcj\u0119 zdrowej \u017cywno\u015bci<br data-start=\"1566\" data-end=\"1569\" \/>\u2013 \u015bwiadom\u0105 dystrybucj\u0119 produkt\u00f3w ekologicznych<br data-start=\"1615\" data-end=\"1618\" \/>\u2013 dzia\u0142ania na rzecz ochrony \u015brodowiska<br data-start=\"1657\" data-end=\"1660\" \/>\u2013 oraz edukacj\u0119 spo\u0142eczn\u0105<\/p>\t\t\t\t\t\t\t\t<\/div>\n\t\t\t\t<\/div>\n\t\t\t\t<div class=\"elementor-element elementor-element-a8c1d4c elementor-view-default elementor-widget elementor-widget-icon\" data-id=\"a8c1d4c\" data-element_type=\"widget\" data-widget_type=\"icon.default\">\n\t\t\t\t<div class=\"elementor-widget-container\">\n\t\t\t\t\t\t\t<div class=\"elementor-icon-wrapper\">\n\t\t\t<div class=\"elementor-icon\">\n\t\t\t<svg xmlns=\"http:\/\/www.w3.org\/2000\/svg\" width=\"32\" height=\"32\" fill=\"#000000\" viewbox=\"0 0 256 256\"><path d=\"M200,144h-76.7l2.35-2.35h0l20.06-20.06a59.55,59.55,0,0,0,26.1,6.36,49.56,49.56,0,0,0,25.89-7.22c23.72-14.36,36.43-47.6,34-88.92a8,8,0,0,0-7.52-7.52c-41.32-2.42-74.56,10.28-88.92,34-9.36,15.45-9.6,34.11-.87,52L120,124.68l-12.21-12.21c6-13.25,5.57-27-1.39-38.48C95.53,56,70.61,46.41,39.73,48.22a8,8,0,0,0-7.51,7.51C30.4,86.6,40,111.52,58,122.4A38.22,38.22,0,0,0,78,128a45,45,0,0,0,18.52-4.19L108.68,136l-8,8H56a8,8,0,0,0,0,16h9.59l13.21,59.47A15.91,15.91,0,0,0,94.42,232h67.17a15.91,15.91,0,0,0,15.62-12.53L190.42,160H200a8,8,0,0,0,0-16ZM149,66.58c10.46-17.26,35.24-27,67-26.57.41,31.81-9.31,56.58-26.57,67-11.51,7-25.4,6.54-39.28-1.18C142.42,92,142,78.09,149,66.58ZM92.11,108.11c-9.2,4.93-18.31,5.16-25.83.6C54.78,101.74,48.15,85.31,48,64c21.31.15,37.75,6.78,44.71,18.28C97.27,89.8,97,98.91,92.11,108.11ZM161.59,216H94.42L82,160H174Z\"><\/path><\/svg>\t\t\t<\/div>\n\t\t<\/div>\n\t\t\t\t\t\t<\/div>\n\t\t\t\t<\/div>\n\t\t\t\t<\/div>\n\t\t<div class=\"elementor-element elementor-element-6e7a17b e-con-full e-flex e-con e-child\" data-id=\"6e7a17b\" data-element_type=\"container\">\n\t\t\t\t<div class=\"elementor-element elementor-element-91a60c1 elementor-widget__width-initial elementor-widget-mobile__width-initial elementor-widget elementor-widget-text-editor\" data-id=\"91a60c1\" data-element_type=\"widget\" data-widget_type=\"text-editor.default\">\n\t\t\t\t<div class=\"elementor-widget-container\">\n\t\t\t\t\t\t\t\t\t<h2 data-section-id=\"3f68as\" data-start=\"1694\" data-end=\"1733\"><span role=\"text\"><strong data-start=\"1697\" data-end=\"1733\">Technologia, kt\u00f3ra wspiera ludzi<\/strong><\/span><\/h2><p data-start=\"1735\" data-end=\"1824\">Aby ta wizja mog\u0142a funkcjonowa\u0107 w praktyce, stworzyli\u015bmy w\u0142asn\u0105 infrastruktur\u0119 cyfrow\u0105.<\/p><p data-start=\"1826\" data-end=\"1893\">To niezale\u017cne \u015brodowisko komunikacji i wsp\u00f3\u0142pracy, kt\u00f3re pozwala:<\/p><p data-start=\"1895\" data-end=\"2035\">\u2013 \u0142\u0105czy\u0107 ludzi i spo\u0142eczno\u015bci<br data-start=\"1924\" data-end=\"1927\" \/>\u2013 organizowa\u0107 dzia\u0142ania i projekty<br data-start=\"1961\" data-end=\"1964\" \/>\u2013 wymienia\u0107 si\u0119 wiedz\u0105 i zasobami<br data-start=\"1997\" data-end=\"2000\" \/>\u2013 budowa\u0107 relacje bez po\u015brednik\u00f3w<\/p><p data-start=\"2037\" data-end=\"2104\">To narz\u0119dzie, kt\u00f3re wspiera realne dzia\u0142ania \u2014 nie zast\u0119puje ich.<\/p>\t\t\t\t\t\t\t\t<\/div>\n\t\t\t\t<\/div>\n\t\t\t\t<div class=\"elementor-element elementor-element-53dd395 elementor-view-default elementor-widget elementor-widget-icon\" data-id=\"53dd395\" data-element_type=\"widget\" data-widget_type=\"icon.default\">\n\t\t\t\t<div class=\"elementor-widget-container\">\n\t\t\t\t\t\t\t<div class=\"elementor-icon-wrapper\">\n\t\t\t<div class=\"elementor-icon\">\n\t\t\t<svg xmlns=\"http:\/\/www.w3.org\/2000\/svg\" width=\"32\" height=\"32\" fill=\"#000000\" viewbox=\"0 0 256 256\"><path d=\"M128,24A104,104,0,1,0,232,128,104.11,104.11,0,0,0,128,24Zm88,104a87.62,87.62,0,0,1-6.4,32.94l-44.7-27.49a15.92,15.92,0,0,0-6.24-2.23l-22.82-3.08a16.11,16.11,0,0,0-16,7.86h-8.72l-3.8-7.86a15.91,15.91,0,0,0-11-8.67l-8-1.73L96.14,104h16.71a16.06,16.06,0,0,0,7.73-2l12.25-6.76a16.62,16.62,0,0,0,3-2.14l26.91-24.34A15.93,15.93,0,0,0,166,49.1l-.36-.65A88.11,88.11,0,0,1,216,128ZM143.31,41.34,152,56.9,125.09,81.24,112.85,88H96.14a16,16,0,0,0-13.88,8l-8.73,15.23L63.38,84.19,74.32,58.32a87.87,87.87,0,0,1,69-17ZM40,128a87.53,87.53,0,0,1,8.54-37.8l11.34,30.27a16,16,0,0,0,11.62,10l21.43,4.61L96.74,143a16.09,16.09,0,0,0,14.4,9h1.48l-7.23,16.23a16,16,0,0,0,2.86,17.37l.14.14L128,205.94l-1.94,10A88.11,88.11,0,0,1,40,128Zm102.58,86.78,1.13-5.81a16.09,16.09,0,0,0-4-13.9,1.85,1.85,0,0,1-.14-.14L120,174.74,133.7,144l22.82,3.08,45.72,28.12A88.18,88.18,0,0,1,142.58,214.78Z\"><\/path><\/svg>\t\t\t<\/div>\n\t\t<\/div>\n\t\t\t\t\t\t<\/div>\n\t\t\t\t<\/div>\n\t\t\t\t<\/div>\n\t\t<div class=\"elementor-element elementor-element-50f929d e-con-full e-flex e-con e-child\" data-id=\"50f929d\" data-element_type=\"container\">\n\t\t\t\t<div class=\"elementor-element elementor-element-1afa173 elementor-widget__width-initial elementor-widget-mobile__width-initial elementor-widget elementor-widget-text-editor\" data-id=\"1afa173\" data-element_type=\"widget\" data-widget_type=\"text-editor.default\">\n\t\t\t\t<div class=\"elementor-widget-container\">\n\t\t\t\t\t\t\t\t\t<h2 data-section-id=\"zfddag\" data-start=\"2111\" data-end=\"2138\"><span role=\"text\"><strong data-start=\"2114\" data-end=\"2138\">Model wsp\u00f3\u0142tworzenia<\/strong><\/span><\/h2><p data-start=\"2140\" data-end=\"2214\">W ramach sp\u00f3\u0142dzielni ELM ka\u017cdy uczestnik mo\u017ce sta\u0107 si\u0119 cz\u0119\u015bci\u0105 projektu.<\/p><p data-start=\"2216\" data-end=\"2254\">Poprzez udzia\u0142 w systemie tokenowym:<\/p><p data-start=\"2256\" data-end=\"2382\">\u2013 stajesz si\u0119 wsp\u00f3\u0142tw\u00f3rc\u0105<br data-start=\"2281\" data-end=\"2284\" \/>\u2013 masz realny wp\u0142yw na kierunek rozwoju<br data-start=\"2323\" data-end=\"2326\" \/>\u2013 mo\u017cesz uczestniczy\u0107 w decyzjach dotycz\u0105cych projektu<\/p><p data-start=\"2384\" data-end=\"2454\">W zale\u017cno\u015bci od zaanga\u017cowania mo\u017cliwe jest wsp\u00f3\u0142decydowanie m.in. o:<\/p><p data-start=\"2456\" data-end=\"2573\">\u2013 zarz\u0105dzaniu zasobami<br data-start=\"2478\" data-end=\"2481\" \/>\u2013 kierunkach inwestycji<br data-start=\"2504\" data-end=\"2507\" \/>\u2013 rozwoju produkt\u00f3w i us\u0142ug<br data-start=\"2534\" data-end=\"2537\" \/>\u2013 organizacji wydarze\u0144 i inicjatyw<\/p><h2 data-section-id=\"mj1twr\" data-start=\"2580\" data-end=\"2608\"><span role=\"text\"><strong data-start=\"2583\" data-end=\"2608\">Edukacja i \u015bwiadomo\u015b\u0107<\/strong><\/span><\/h2><p data-start=\"2610\" data-end=\"2652\">Wa\u017cnym elementem projektu jest edukacja.<\/p><p data-start=\"2654\" data-end=\"2682\">Promujemy wiedz\u0119 na temat:<\/p><p data-start=\"2684\" data-end=\"2818\">\u2013 zdrowego stylu \u017cycia<br data-start=\"2706\" data-end=\"2709\" \/>\u2013 warto\u015bci produkt\u00f3w ekologicznych<br data-start=\"2743\" data-end=\"2746\" \/>\u2013 naturalnych metod uprawy i przetw\u00f3rstwa<br data-start=\"2787\" data-end=\"2790\" \/>\u2013 \u017cycia w zgodzie z natur\u0105<\/p><p data-start=\"2820\" data-end=\"2894\">Wierzymy, \u017ce \u015bwiadome wybory prowadz\u0105 do zdrowszego, pe\u0142niejszego \u017cycia.<\/p><hr data-start=\"2896\" data-end=\"2899\" \/><h2 data-section-id=\"6se1y5\" data-start=\"2901\" data-end=\"2919\"><span role=\"text\"><strong data-start=\"2904\" data-end=\"2919\">Zaproszenie<\/strong><\/span><\/h2><p data-start=\"2921\" data-end=\"2974\">ELM WORLD to przestrze\u0144, kt\u00f3ra dopiero si\u0119 rozwija.<\/p><p data-start=\"2976\" data-end=\"3043\">To nie jest zamkni\u0119ty projekt \u2014<br data-start=\"3007\" data-end=\"3010\" \/>to proces, kt\u00f3ry tworz\u0105 ludzie.<\/p><p data-start=\"3045\" data-end=\"3128\">Je\u015bli czujesz, \u017ce to jest kierunek bliski Tobie &#8211; mo\u017cesz sta\u0107 si\u0119 jego cz\u0119\u015bci\u0105.<\/p><hr data-start=\"2575\" data-end=\"2578\" \/>\t\t\t\t\t\t\t\t<\/div>\n\t\t\t\t<\/div>\n\t\t\t\t<div class=\"elementor-element elementor-element-a15015d elementor-view-default elementor-widget elementor-widget-icon\" data-id=\"a15015d\" data-element_type=\"widget\" data-widget_type=\"icon.default\">\n\t\t\t\t<div class=\"elementor-widget-container\">\n\t\t\t\t\t\t\t<div class=\"elementor-icon-wrapper\">\n\t\t\t<div class=\"elementor-icon\">\n\t\t\t<svg xmlns=\"http:\/\/www.w3.org\/2000\/svg\" width=\"32\" height=\"32\" fill=\"#000000\" viewbox=\"0 0 256 256\"><path d=\"M136,120v56a8,8,0,0,1-16,0V120a8,8,0,0,1,16,0Zm36.84-.8-5.6,56A8,8,0,0,0,174.4,184a7.32,7.32,0,0,0,.81,0,8,8,0,0,0,7.95-7.2l5.6-56a8,8,0,0,0-15.92-1.6Zm-89.68,0a8,8,0,0,0-15.92,1.6l5.6,56a8,8,0,0,0,8,7.2,7.32,7.32,0,0,0,.81,0,8,8,0,0,0,7.16-8.76ZM239.93,89.06,224.86,202.12A16.06,16.06,0,0,1,209,216H47a16.06,16.06,0,0,1-15.86-13.88L16.07,89.06A8,8,0,0,1,24,80H68.37L122,18.73a8,8,0,0,1,12,0L187.63,80H232a8,8,0,0,1,7.93,9.06ZM89.63,80h76.74L128,36.15ZM222.86,96H33.14L47,200H209Z\"><\/path><\/svg>\t\t\t<\/div>\n\t\t<\/div>\n\t\t\t\t\t\t<\/div>\n\t\t\t\t<\/div>\n\t\t\t\t<\/div>\n\t\t<div class=\"elementor-element elementor-element-443bfa5 e-con-full e-flex e-con e-child\" data-id=\"443bfa5\" data-element_type=\"container\">\n\t\t\t\t<div class=\"elementor-element elementor-element-7dd97e5 elementor-widget__width-initial elementor-widget elementor-widget-text-editor\" data-id=\"7dd97e5\" data-element_type=\"widget\" data-widget_type=\"text-editor.default\">\n\t\t\t\t<div class=\"elementor-widget-container\">\n\t\t\t\t\t\t\t\t\t<p>\u0141\u0105czymy nowoczesne rozwi\u0105zania z promowaniem ekologicznego stylu \u017cycia i ochrony \u015brodowiska.<\/p>\t\t\t\t\t\t\t\t<\/div>\n\t\t\t\t<\/div>\n\t\t\t\t<\/div>\n\t\t<div class=\"elementor-element elementor-element-71e0a8c e-con-full e-flex e-con e-child\" data-id=\"71e0a8c\" data-element_type=\"container\">\n\t\t\t\t<\/div>\n\t\t<div class=\"elementor-element elementor-element-917d171 e-con-full e-flex e-con e-child\" data-id=\"917d171\" data-element_type=\"container\">\n\t\t\t\t<div class=\"elementor-element elementor-element-642485a elementor-widget__width-initial elementor-widget elementor-widget-text-editor\" data-id=\"642485a\" data-element_type=\"widget\" data-widget_type=\"text-editor.default\">\n\t\t\t\t<div class=\"elementor-widget-container\">\n\t\t\t\t\t\t\t\t\t<p><em><strong>&#8222;\u015awiat jest w naszych r\u0119kach&#8221;<\/strong><\/em><\/p>\t\t\t\t\t\t\t\t<\/div>\n\t\t\t\t<\/div>\n\t\t\t\t<\/div>\n\t\t\t\t\t<\/div>\n\t\t\t\t<\/div>\n\t\t\t\t<\/div>","protected":false},"excerpt":{"rendered":"<p>Nasza Misja i Cele PROJEKT ELM Od wizji do dzia\u0142ania Z tej wizji powsta\u0142 projekt ELM WORLD. To inicjatywa, kt\u00f3rej [&hellip;]<\/p>","protected":false},"author":1,"featured_media":0,"parent":0,"menu_order":0,"comment_status":"closed","ping_status":"closed","template":"","meta":{"site-sidebar-layout":"no-sidebar","site-content-layout":"","ast-site-content-layout":"full-width-container","site-content-style":"default","site-sidebar-style":"default","ast-global-header-display":"","ast-banner-title-visibility":"","ast-main-header-display":"","ast-hfb-above-header-display":"","ast-hfb-below-header-display":"","ast-hfb-mobile-header-display":"","site-post-title":"disabled","ast-breadcrumbs-content":"","ast-featured-img":"disabled","footer-sml-layout":"","theme-transparent-header-meta":"","adv-header-id-meta":"","stick-header-meta":"","header-above-stick-meta":"","header-main-stick-meta":"","header-below-stick-meta":"","astra-migrate-meta-layouts":"default","ast-page-background-enabled":"default","ast-page-background-meta":{"desktop":{"background-color":"var(--ast-global-color-5)","background-image":"","background-repeat":"repeat","background-position":"center center","background-size":"auto","background-attachment":"scroll","background-type":"","background-media":"","overlay-type":"","overlay-color":"","overlay-opacity":"","overlay-gradient":""},"tablet":{"background-color":"","background-image":"","background-repeat":"repeat","background-position":"center center","background-size":"auto","background-attachment":"scroll","background-type":"","background-media":"","overlay-type":"","overlay-color":"","overlay-opacity":"","overlay-gradient":""},"mobile":{"background-color":"","background-image":"","background-repeat":"repeat","background-position":"center center","background-size":"auto","background-attachment":"scroll","background-type":"","background-media":"","overlay-type":"","overlay-color":"","overlay-opacity":"","overlay-gradient":""}},"ast-content-background-meta":{"desktop":{"background-color":"var(--ast-global-color-4)","background-image":"","background-repeat":"repeat","background-position":"center center","background-size":"auto","background-attachment":"scroll","background-type":"","background-media":"","overlay-type":"","overlay-color":"","overlay-opacity":"","overlay-gradient":""},"tablet":{"background-color":"var(--ast-global-color-4)","background-image":"","background-repeat":"repeat","background-position":"center center","background-size":"auto","background-attachment":"scroll","background-type":"","background-media":"","overlay-type":"","overlay-color":"","overlay-opacity":"","overlay-gradient":""},"mobile":{"background-color":"var(--ast-global-color-4)","background-image":"","background-repeat":"repeat","background-position":"center center","background-size":"auto","background-attachment":"scroll","background-type":"","background-media":"","overlay-type":"","overlay-color":"","overlay-opacity":"","overlay-gradient":""}},"footnotes":""},"class_list":["post-31","page","type-page","status-publish","hentry"],"_links":{"self":[{"href":"https:\/\/www.elm.world\/en\/wp-json\/wp\/v2\/pages\/31","targetHints":{"allow":["GET"]}}],"collection":[{"href":"https:\/\/www.elm.world\/en\/wp-json\/wp\/v2\/pages"}],"about":[{"href":"https:\/\/www.elm.world\/en\/wp-json\/wp\/v2\/types\/page"}],"author":[{"embeddable":true,"href":"https:\/\/www.elm.world\/en\/wp-json\/wp\/v2\/users\/1"}],"replies":[{"embeddable":true,"href":"https:\/\/www.elm.world\/en\/wp-json\/wp\/v2\/comments?post=31"}],"version-history":[{"count":29,"href":"https:\/\/www.elm.world\/en\/wp-json\/wp\/v2\/pages\/31\/revisions"}],"predecessor-version":[{"id":429,"href":"https:\/\/www.elm.world\/en\/wp-json\/wp\/v2\/pages\/31\/revisions\/429"}],"wp:attachment":[{"href":"https:\/\/www.elm.world\/en\/wp-json\/wp\/v2\/media?parent=31"}],"curies":[{"name":"wp","href":"https:\/\/api.w.org\/{rel}","templated":true}]}}