{"id":27,"date":"2025-04-10T03:33:21","date_gmt":"2025-04-10T02:33:21","guid":{"rendered":"https:\/\/www.elm.world\/?page_id=27"},"modified":"2026-04-06T17:59:21","modified_gmt":"2026-04-06T16:59:21","slug":"home","status":"publish","type":"page","link":"https:\/\/www.elm.world\/en\/","title":{"rendered":"STRONA G\u0141\u00d3WNA"},"content":{"rendered":"<div data-elementor-type=\"wp-page\" data-elementor-id=\"27\" class=\"elementor elementor-27\" data-elementor-post-type=\"page\">\n\t\t\t\t<div class=\"elementor-element elementor-element-9c2c9f9 e-con-full e-flex e-con e-parent\" data-id=\"9c2c9f9\" data-element_type=\"container\" data-settings=\"{&quot;background_background&quot;:&quot;slideshow&quot;,&quot;background_slideshow_gallery&quot;:[{&quot;id&quot;:389,&quot;url&quot;:&quot;https:\\\/\\\/www.elm.world\\\/wp-content\\\/uploads\\\/2025\\\/06\\\/img1-1.png&quot;}],&quot;background_slideshow_loop&quot;:&quot;yes&quot;,&quot;background_slideshow_slide_duration&quot;:5000,&quot;background_slideshow_slide_transition&quot;:&quot;fade&quot;,&quot;background_slideshow_transition_duration&quot;:500}\">\n\t\t\t\t<div class=\"elementor-element elementor-element-c374fbb elementor-widget elementor-widget-heading\" data-id=\"c374fbb\" data-element_type=\"widget\" data-widget_type=\"heading.default\">\n\t\t\t\t<div class=\"elementor-widget-container\">\n\t\t\t\t\t<h2 class=\"elementor-heading-title elementor-size-default\">\u017bYJ W ZGODZIE Z NATUR\u0104.<br>PRZYSZ\u0141O\u015a\u0106 JEST W NASZYCH R\u0118KACH.<\/h2>\t\t\t\t<\/div>\n\t\t\t\t<\/div>\n\t\t\t\t<div class=\"elementor-element elementor-element-01c08d4 elementor-widget elementor-widget-heading\" data-id=\"01c08d4\" data-element_type=\"widget\" data-widget_type=\"heading.default\">\n\t\t\t\t<div class=\"elementor-widget-container\">\n\t\t\t\t\t<h2 class=\"elementor-heading-title elementor-size-default\">\"Ludzie wystarczaj\u0105co szaleni, by s\u0105dzi\u0107, \u017ce mog\u0105 zmieni\u0107 \u015bwiat,<br>\ns\u0105 tymi, kt\u00f3rzy go zmieniaj\u0105.\"\n<br>\n\u00a0 -Steve Jobs<\/h2>\t\t\t\t<\/div>\n\t\t\t\t<\/div>\n\t\t\t\t<\/div>\n\t\t<div class=\"elementor-element elementor-element-d6d0ef7 e-con-full e-flex e-con e-parent\" data-id=\"d6d0ef7\" data-element_type=\"container\" data-settings=\"{&quot;background_background&quot;:&quot;classic&quot;}\">\n\t\t<div class=\"elementor-element elementor-element-43a8ae7 e-flex e-con-boxed e-con e-child\" data-id=\"43a8ae7\" data-element_type=\"container\">\n\t\t\t\t\t<div class=\"e-con-inner\">\n\t\t\t\t<div class=\"elementor-element elementor-element-b5170aa elementor-widget elementor-widget-heading\" data-id=\"b5170aa\" data-element_type=\"widget\" data-widget_type=\"heading.default\">\n\t\t\t\t<div class=\"elementor-widget-container\">\n\t\t\t\t\t<h2 class=\"elementor-heading-title elementor-size-default\">Pocz\u0105tek<\/h2>\t\t\t\t<\/div>\n\t\t\t\t<\/div>\n\t\t\t\t<div class=\"elementor-element elementor-element-57116f1 elementor-widget__width-initial elementor-widget-tablet__width-initial elementor-widget elementor-widget-text-editor\" data-id=\"57116f1\" data-element_type=\"widget\" data-widget_type=\"text-editor.default\">\n\t\t\t\t<div class=\"elementor-widget-container\">\n\t\t\t\t\t\t\t\t\t<h3 data-section-id=\"3hmgsf\" data-start=\"186\" data-end=\"214\"><span role=\"text\"><strong data-start=\"190\" data-end=\"214\">Zacz\u0119\u0142o si\u0119 od wizji<\/strong><\/span><\/h3><p data-start=\"216\" data-end=\"239\">Zacz\u0119\u0142o si\u0119 od wizji.<\/p><p data-start=\"241\" data-end=\"362\">Wizji ludzi \u017cyj\u0105cych w harmonii z otaczaj\u0105cym \u015bwiatem \u2014 w szacunku do siebie, do innych i do wszystkich \u017cywych istot.<\/p><p data-start=\"364\" data-end=\"434\">Ludzi, kt\u00f3rzy czerpi\u0105 rado\u015b\u0107 z prostoty, zdrowia i \u015bwiadomego \u017cycia.<\/p><hr data-start=\"436\" data-end=\"439\" \/><h3 data-section-id=\"13dzwte\" data-start=\"441\" data-end=\"472\"><span role=\"text\"><strong data-start=\"445\" data-end=\"472\">Spo\u0142eczno\u015b\u0107, nie system<\/strong><\/span><\/h3><p data-start=\"474\" data-end=\"498\">To wizja spo\u0142eczno\u015bci.<\/p><p data-start=\"500\" data-end=\"636\">Ludzi \u017cyj\u0105cych bli\u017cej natury, wspieraj\u0105cych si\u0119 nawzajem, tworz\u0105cych przestrze\u0144 opart\u0105 na zaufaniu,<br \/>wsp\u00f3\u0142pracy i realnych relacjach.<\/p><p data-start=\"638\" data-end=\"737\">Spo\u0142eczno\u015bci, kt\u00f3ra nie opiera si\u0119 na kontroli, ale na odpowiedzialno\u015bci i \u015bwiadomych wyborach.<\/p><hr data-start=\"739\" data-end=\"742\" \/><h3 data-section-id=\"1jzbvna\" data-start=\"744\" data-end=\"781\"><span role=\"text\"><strong data-start=\"748\" data-end=\"781\">Odpowiedzialno\u015b\u0107 i \u015bwiadomo\u015b\u0107<\/strong><\/span><\/h3><p data-start=\"783\" data-end=\"826\">To ludzie, kt\u00f3rzy bior\u0105 odpowiedzialno\u015b\u0107:<\/p><p data-start=\"828\" data-end=\"897\">\u2013 za siebie<br data-start=\"839\" data-end=\"842\" \/>\u2013 za swoich bliskich<br data-start=\"862\" data-end=\"865\" \/>\u2013 za \u015brodowisko, w kt\u00f3rym \u017cyj\u0105<\/p><p data-start=\"899\" data-end=\"965\">I kt\u00f3rzy rozumiej\u0105, \u017ce prawdziwa zmiana zaczyna si\u0119 od wewn\u0105trz.<\/p>\t\t\t\t\t\t\t\t<\/div>\n\t\t\t\t<\/div>\n\t\t\t\t<div class=\"elementor-element elementor-element-3bd493c elementor-mobile-align-center elementor-widget elementor-widget-button\" data-id=\"3bd493c\" data-element_type=\"widget\" data-widget_type=\"button.default\">\n\t\t\t\t<div class=\"elementor-widget-container\">\n\t\t\t\t\t\t\t\t\t<div class=\"elementor-button-wrapper\">\n\t\t\t\t\t<a class=\"elementor-button elementor-button-link elementor-size-sm\" href=\"http:\/\/Projekt%20Elm\" project-elm=\"\">\n\t\t\t\t\t\t<span class=\"elementor-button-content-wrapper\">\n\t\t\t\t\t\t\t\t\t<span class=\"elementor-button-text\">wi\u0119cej<\/span>\n\t\t\t\t\t<\/span>\n\t\t\t\t\t<\/a>\n\t\t\t\t<\/div>\n\t\t\t\t\t\t\t\t<\/div>\n\t\t\t\t<\/div>\n\t\t\t\t\t<\/div>\n\t\t\t\t<\/div>\n\t\t\t\t<\/div>\n\t\t<div class=\"elementor-element elementor-element-33c0cc3 e-con-full e-flex e-con e-parent\" data-id=\"33c0cc3\" data-element_type=\"container\" data-settings=\"{&quot;background_background&quot;:&quot;classic&quot;}\">\n\t\t\t\t<div class=\"elementor-element elementor-element-814ceac elementor-widget elementor-widget-heading\" data-id=\"814ceac\" data-element_type=\"widget\" data-widget_type=\"heading.default\">\n\t\t\t\t<div class=\"elementor-widget-container\">\n\t\t\t\t\t<h2 class=\"elementor-heading-title elementor-size-default\">AKTUALNO\u015aCI<\/h2>\t\t\t\t<\/div>\n\t\t\t\t<\/div>\n\t\t\t\t<div class=\"elementor-element elementor-element-663ca97 elementor-align-center elementor-widget elementor-widget-button\" data-id=\"663ca97\" data-element_type=\"widget\" data-widget_type=\"button.default\">\n\t\t\t\t<div class=\"elementor-widget-container\">\n\t\t\t\t\t\t\t\t\t<div class=\"elementor-button-wrapper\">\n\t\t\t\t\t<a class=\"elementor-button elementor-button-link elementor-size-sm\" href=\"#\">\n\t\t\t\t\t\t<span class=\"elementor-button-content-wrapper\">\n\t\t\t\t\t\t\t\t\t<span class=\"elementor-button-text\">Zobacz wi\u0119cej<\/span>\n\t\t\t\t\t<\/span>\n\t\t\t\t\t<\/a>\n\t\t\t\t<\/div>\n\t\t\t\t\t\t\t\t<\/div>\n\t\t\t\t<\/div>\n\t\t<div class=\"elementor-element elementor-element-59a8736 e-con-full e-flex e-con e-child\" data-id=\"59a8736\" data-element_type=\"container\">\n\t\t<div class=\"elementor-element elementor-element-bf223bc e-con-full e-flex e-con e-child\" data-id=\"bf223bc\" data-element_type=\"container\" data-settings=\"{&quot;background_background&quot;:&quot;classic&quot;}\">\n\t\t\t\t<div class=\"elementor-element elementor-element-6253254 elementor-widget elementor-widget-heading\" data-id=\"6253254\" data-element_type=\"widget\" data-widget_type=\"heading.default\">\n\t\t\t\t<div class=\"elementor-widget-container\">\n\t\t\t\t\t<h2 class=\"elementor-heading-title elementor-size-default\">Uruchomienie prywatnej infrastruktury ELM<\/h2>\t\t\t\t<\/div>\n\t\t\t\t<\/div>\n\t\t\t\t<div class=\"elementor-element elementor-element-00893be elementor-widget elementor-widget-text-editor\" data-id=\"00893be\" data-element_type=\"widget\" data-widget_type=\"text-editor.default\">\n\t\t\t\t<div class=\"elementor-widget-container\">\n\t\t\t\t\t\t\t\t\t<p><strong>Zako\u0144czyli\u015bmy etap budowy i test\u00f3w naszej infrastruktury cyfrowej.<\/strong><br data-start=\"625\" data-end=\"628\" \/><strong>System dzia\u0142a stabilnie i jest ju\u017c wykorzystywany w praktyce przez pierwszych u\u017cytkownik\u00f3w.<\/strong><\/p><p data-start=\"559\" data-end=\"719\"><strong>\u00a0<em data-start=\"724\" data-end=\"800\">Trwa stopniowe przenoszenie komunikacji i narz\u0119dzi do w\u0142asnego \u015brodowiska.<\/em><\/strong><\/p>\t\t\t\t\t\t\t\t<\/div>\n\t\t\t\t<\/div>\n\t\t\t\t<\/div>\n\t\t<div class=\"elementor-element elementor-element-0acf531 e-con-full e-flex e-con e-child\" data-id=\"0acf531\" data-element_type=\"container\" data-settings=\"{&quot;background_background&quot;:&quot;classic&quot;}\">\n\t\t\t\t<div class=\"elementor-element elementor-element-70bff9e elementor-widget elementor-widget-heading\" data-id=\"70bff9e\" data-element_type=\"widget\" data-widget_type=\"heading.default\">\n\t\t\t\t<div class=\"elementor-widget-container\">\n\t\t\t\t\t<h2 class=\"elementor-heading-title elementor-size-default\">Rozw\u00f3j platformy komunikacyjnej<\/h2>\t\t\t\t<\/div>\n\t\t\t\t<\/div>\n\t\t\t\t<div class=\"elementor-element elementor-element-d7aa185 elementor-widget elementor-widget-text-editor\" data-id=\"d7aa185\" data-element_type=\"widget\" data-widget_type=\"text-editor.default\">\n\t\t\t\t<div class=\"elementor-widget-container\">\n\t\t\t\t\t\t\t\t\t<p data-start=\"850\" data-end=\"940\"><strong>Uruchomili\u015bmy komunikator, wideokonferencje oraz przestrze\u0144 wsp\u00f3\u0142pracy dla spo\u0142eczno\u015bci.<\/strong><\/p><p data-start=\"942\" data-end=\"1008\"><strong><em data-start=\"945\" data-end=\"1008\">Obecnie zapraszamy pierwszych uzytkownik\u00f3w do test\u00f3w i wsp\u00f3\u0142tworzenia.<\/em><\/strong><\/p>\t\t\t\t\t\t\t\t<\/div>\n\t\t\t\t<\/div>\n\t\t\t\t<\/div>\n\t\t<div class=\"elementor-element elementor-element-50d2bc7 e-con-full e-flex e-con e-child\" data-id=\"50d2bc7\" data-element_type=\"container\" data-settings=\"{&quot;background_background&quot;:&quot;classic&quot;}\">\n\t\t\t\t<div class=\"elementor-element elementor-element-739af14 elementor-widget elementor-widget-heading\" data-id=\"739af14\" data-element_type=\"widget\" data-widget_type=\"heading.default\">\n\t\t\t\t<div class=\"elementor-widget-container\">\n\t\t\t\t\t<h2 class=\"elementor-heading-title elementor-size-default\">Prace nad platform\u0105 barterow\u0105<\/h2>\t\t\t\t<\/div>\n\t\t\t\t<\/div>\n\t\t\t\t<div class=\"elementor-element elementor-element-e3d8302 elementor-widget elementor-widget-text-editor\" data-id=\"e3d8302\" data-element_type=\"widget\" data-widget_type=\"text-editor.default\">\n\t\t\t\t<div class=\"elementor-widget-container\">\n\t\t\t\t\t\t\t\t\t<p data-start=\"1056\" data-end=\"1149\"><strong>Trwaj\u0105 przygotowania do uruchomienia systemu wymiany towar\u00f3w i us\u0142ug w ramach spo\u0142eczno\u015bci.<\/strong><\/p><p data-start=\"1151\" data-end=\"1206\"><strong><em data-start=\"1154\" data-end=\"1206\">Budujemy sie\u0107 pierwszych u\u017cytkownik\u00f3w i partner\u00f3w.<\/em><\/strong><\/p>\t\t\t\t\t\t\t\t<\/div>\n\t\t\t\t<\/div>\n\t\t\t\t<\/div>\n\t\t<div class=\"elementor-element elementor-element-57608db e-con-full e-flex e-con e-child\" data-id=\"57608db\" data-element_type=\"container\" data-settings=\"{&quot;background_background&quot;:&quot;classic&quot;}\">\n\t\t\t\t<div class=\"elementor-element elementor-element-5ede2fb elementor-widget elementor-widget-heading\" data-id=\"5ede2fb\" data-element_type=\"widget\" data-widget_type=\"heading.default\">\n\t\t\t\t<div class=\"elementor-widget-container\">\n\t\t\t\t\t<h2 class=\"elementor-heading-title elementor-size-default\">Budowa spo\u0142eczno\u015bci i wsp\u00f3\u0142pracy<\/h2>\t\t\t\t<\/div>\n\t\t\t\t<\/div>\n\t\t\t\t<div class=\"elementor-element elementor-element-b24e644 elementor-widget elementor-widget-text-editor\" data-id=\"b24e644\" data-element_type=\"widget\" data-widget_type=\"text-editor.default\">\n\t\t\t\t<div class=\"elementor-widget-container\">\n\t\t\t\t\t\t\t\t\t<p data-start=\"1471\" data-end=\"1550\"><strong>Rozwijamy sie\u0107 kontakt\u00f3w i zapraszamy ludzi, kt\u00f3rzy chc\u0105 wsp\u00f3\u0142tworzy\u0107 projekt:<\/strong><\/p><p data-start=\"1552\" data-end=\"1630\"><strong>\u2013 tw\u00f3rc\u00f3w<\/strong><br data-start=\"1561\" data-end=\"1564\" \/><strong>\u2013 specjalist\u00f3w<\/strong><br data-start=\"1578\" data-end=\"1581\" \/><strong>\u2013 przedsi\u0119biorc\u00f3w<\/strong><br data-start=\"1598\" data-end=\"1601\" \/><strong>\u2013 osoby dzia\u0142aj\u0105ce lokalnie<\/strong><\/p>\t\t\t\t\t\t\t\t<\/div>\n\t\t\t\t<\/div>\n\t\t\t\t<\/div>\n\t\t<div class=\"elementor-element elementor-element-8ebcd78 e-con-full e-flex e-con e-child\" data-id=\"8ebcd78\" data-element_type=\"container\" data-settings=\"{&quot;background_background&quot;:&quot;classic&quot;}\">\n\t\t\t\t<div class=\"elementor-element elementor-element-1e19cc5 elementor-widget elementor-widget-text-editor\" data-id=\"1e19cc5\" data-element_type=\"widget\" data-widget_type=\"text-editor.default\">\n\t\t\t\t<div class=\"elementor-widget-container\">\n\t\t\t\t\t\t\t\t\t<p data-start=\"1692\" data-end=\"1780\"><strong>Spotkania online \u2013 poznaj projekt od \u015brodka<\/strong><\/p><p data-start=\"1692\" data-end=\"1780\"><strong>W najbli\u017cszym czasie organizujemy spotkania online na naszej platformie, gdzie poka\u017cemy:<\/strong><\/p><p data-start=\"1782\" data-end=\"1858\"><strong>\u2013 jak dzia\u0142a infrastruktura<\/strong><br data-start=\"1809\" data-end=\"1812\" \/><strong>\u2013 jakie s\u0105 mo\u017cliwo\u015bci<\/strong><br data-start=\"1833\" data-end=\"1836\" \/><strong>\u2013 jak mo\u017cna do\u0142\u0105czy\u0107<\/strong><\/p><p data-start=\"1860\" data-end=\"1882\"><strong>\u00a0<em data-start=\"1863\" data-end=\"1882\">Szczeg\u00f3\u0142y wkr\u00f3tce<\/em><\/strong><\/p>\t\t\t\t\t\t\t\t<\/div>\n\t\t\t\t<\/div>\n\t\t\t\t<\/div>\n\t\t\t\t<\/div>\n\t\t\t\t<\/div>\n\t\t<div class=\"elementor-element elementor-element-4d8a938 e-flex e-con-boxed e-con e-parent\" data-id=\"4d8a938\" data-element_type=\"container\" data-settings=\"{&quot;background_background&quot;:&quot;classic&quot;}\">\n\t\t\t\t\t<div class=\"e-con-inner\">\n\t\t\t\t<div class=\"elementor-element elementor-element-50415a8 elementor-widget elementor-widget-text-editor\" data-id=\"50415a8\" data-element_type=\"widget\" data-widget_type=\"text-editor.default\">\n\t\t\t\t<div class=\"elementor-widget-container\">\n\t\t\t\t\t\t\t\t\t<p><strong>kontakt: office@elm.world\u00a0<\/strong><\/p>\t\t\t\t\t\t\t\t<\/div>\n\t\t\t\t<\/div>\n\t\t\t\t\t<\/div>\n\t\t\t\t<\/div>\n\t\t<div class=\"elementor-element elementor-element-d0247eb e-flex e-con-boxed e-con e-parent\" data-id=\"d0247eb\" data-element_type=\"container\">\n\t\t\t\t\t<div class=\"e-con-inner\">\n\t\t\t\t<div class=\"elementor-element elementor-element-913dacf elementor-shape-rounded elementor-grid-0 e-grid-align-center elementor-widget elementor-widget-social-icons\" data-id=\"913dacf\" data-element_type=\"widget\" data-widget_type=\"social-icons.default\">\n\t\t\t\t<div class=\"elementor-widget-container\">\n\t\t\t\t\t\t\t<div class=\"elementor-social-icons-wrapper elementor-grid\">\n\t\t\t\t\t\t\t<span class=\"elementor-grid-item\">\n\t\t\t\t\t<a class=\"elementor-icon elementor-social-icon elementor-social-icon-facebook elementor-repeater-item-6478b6b\" href=\"https:\/\/www.facebook.com\/elmworld\" target=\"_blank\">\n\t\t\t\t\t\t<span class=\"elementor-screen-only\">Facebook<\/span>\n\t\t\t\t\t\t<svg class=\"e-font-icon-svg e-fab-facebook\" viewbox=\"0 0 512 512\" xmlns=\"http:\/\/www.w3.org\/2000\/svg\"><path d=\"M504 256C504 119 393 8 256 8S8 119 8 256c0 123.78 90.69 226.38 209.25 245V327.69h-63V256h63v-54.64c0-62.15 37-96.48 93.67-96.48 27.14 0 55.52 4.84 55.52 4.84v61h-31.28c-30.8 0-40.41 19.12-40.41 38.73V256h68.78l-11 71.69h-57.78V501C413.31 482.38 504 379.78 504 256z\"><\/path><\/svg>\t\t\t\t\t<\/a>\n\t\t\t\t<\/span>\n\t\t\t\t\t\t\t<span class=\"elementor-grid-item\">\n\t\t\t\t\t<a class=\"elementor-icon elementor-social-icon elementor-social-icon-youtube elementor-repeater-item-6e1e597\" href=\"https:\/\/www.youtube.com\/@elmworldacademy5212\" target=\"_blank\">\n\t\t\t\t\t\t<span class=\"elementor-screen-only\">Youtube<\/span>\n\t\t\t\t\t\t<svg class=\"e-font-icon-svg e-fab-youtube\" viewbox=\"0 0 576 512\" xmlns=\"http:\/\/www.w3.org\/2000\/svg\"><path d=\"M549.655 124.083c-6.281-23.65-24.787-42.276-48.284-48.597C458.781 64 288 64 288 64S117.22 64 74.629 75.486c-23.497 6.322-42.003 24.947-48.284 48.597-11.412 42.867-11.412 132.305-11.412 132.305s0 89.438 11.412 132.305c6.281 23.65 24.787 41.5 48.284 47.821C117.22 448 288 448 288 448s170.78 0 213.371-11.486c23.497-6.321 42.003-24.171 48.284-47.821 11.412-42.867 11.412-132.305 11.412-132.305s0-89.438-11.412-132.305zm-317.51 213.508V175.185l142.739 81.205-142.739 81.201z\"><\/path><\/svg>\t\t\t\t\t<\/a>\n\t\t\t\t<\/span>\n\t\t\t\t\t\t\t<span class=\"elementor-grid-item\">\n\t\t\t\t\t<a class=\"elementor-icon elementor-social-icon elementor-social-icon-linkedin elementor-repeater-item-1ce793e\" href=\"http:\/\/linkedin.com\/in\/elm-world-8969983a3\" target=\"_blank\">\n\t\t\t\t\t\t<span class=\"elementor-screen-only\">Linkedin<\/span>\n\t\t\t\t\t\t<svg class=\"e-font-icon-svg e-fab-linkedin\" viewbox=\"0 0 448 512\" xmlns=\"http:\/\/www.w3.org\/2000\/svg\"><path d=\"M416 32H31.9C14.3 32 0 46.5 0 64.3v383.4C0 465.5 14.3 480 31.9 480H416c17.6 0 32-14.5 32-32.3V64.3c0-17.8-14.4-32.3-32-32.3zM135.4 416H69V202.2h66.5V416zm-33.2-243c-21.3 0-38.5-17.3-38.5-38.5S80.9 96 102.2 96c21.2 0 38.5 17.3 38.5 38.5 0 21.3-17.2 38.5-38.5 38.5zm282.1 243h-66.4V312c0-24.8-.5-56.7-34.5-56.7-34.6 0-39.9 27-39.9 54.9V416h-66.4V202.2h63.7v29.2h.9c8.9-16.8 30.6-34.5 62.9-34.5 67.2 0 79.7 44.3 79.7 101.9V416z\"><\/path><\/svg>\t\t\t\t\t<\/a>\n\t\t\t\t<\/span>\n\t\t\t\t\t\t\t<span class=\"elementor-grid-item\">\n\t\t\t\t\t<a class=\"elementor-icon elementor-social-icon elementor-social-icon-x-twitter elementor-repeater-item-177b63b\" href=\"https:\/\/x.com\/ElmWorld\" target=\"_blank\">\n\t\t\t\t\t\t<span class=\"elementor-screen-only\">X-twitter<\/span>\n\t\t\t\t\t\t<svg class=\"e-font-icon-svg e-fab-x-twitter\" viewbox=\"0 0 512 512\" xmlns=\"http:\/\/www.w3.org\/2000\/svg\"><path d=\"M389.2 48h70.6L305.6 224.2 487 464H345L233.7 318.6 106.5 464H35.8L200.7 275.5 26.8 48H172.4L272.9 180.9 389.2 48zM364.4 421.8h39.1L151.1 88h-42L364.4 421.8z\"><\/path><\/svg>\t\t\t\t\t<\/a>\n\t\t\t\t<\/span>\n\t\t\t\t\t\t\t<span class=\"elementor-grid-item\">\n\t\t\t\t\t<a class=\"elementor-icon elementor-social-icon elementor-social-icon-wordpress elementor-repeater-item-22abda9\" href=\"https:\/\/media.elm.world\/home\" target=\"_blank\">\n\t\t\t\t\t\t<span class=\"elementor-screen-only\">WordPress<\/span>\n\t\t\t\t\t\t<svg class=\"e-font-icon-svg e-fab-wordpress\" viewbox=\"0 0 512 512\" xmlns=\"http:\/\/www.w3.org\/2000\/svg\"><path d=\"M61.7 169.4l101.5 278C92.2 413 43.3 340.2 43.3 256c0-30.9 6.6-60.1 18.4-86.6zm337.9 75.9c0-26.3-9.4-44.5-17.5-58.7-10.8-17.5-20.9-32.4-20.9-49.9 0-19.6 14.8-37.8 35.7-37.8.9 0 1.8.1 2.8.2-37.9-34.7-88.3-55.9-143.7-55.9-74.3 0-139.7 38.1-177.8 95.9 5 .2 9.7.3 13.7.3 22.2 0 56.7-2.7 56.7-2.7 11.5-.7 12.8 16.2 1.4 17.5 0 0-11.5 1.3-24.3 2l77.5 230.4L249.8 247l-33.1-90.8c-11.5-.7-22.3-2-22.3-2-11.5-.7-10.1-18.2 1.3-17.5 0 0 35.1 2.7 56 2.7 22.2 0 56.7-2.7 56.7-2.7 11.5-.7 12.8 16.2 1.4 17.5 0 0-11.5 1.3-24.3 2l76.9 228.7 21.2-70.9c9-29.4 16-50.5 16-68.7zm-139.9 29.3l-63.8 185.5c19.1 5.6 39.2 8.7 60.1 8.7 24.8 0 48.5-4.3 70.6-12.1-.6-.9-1.1-1.9-1.5-2.9l-65.4-179.2zm183-120.7c.9 6.8 1.4 14 1.4 21.9 0 21.6-4 45.8-16.2 76.2l-65 187.9C426.2 403 468.7 334.5 468.7 256c0-37-9.4-71.8-26-102.1zM504 256c0 136.8-111.3 248-248 248C119.2 504 8 392.7 8 256 8 119.2 119.2 8 256 8c136.7 0 248 111.2 248 248zm-11.4 0c0-130.5-106.2-236.6-236.6-236.6C125.5 19.4 19.4 125.5 19.4 256S125.6 492.6 256 492.6c130.5 0 236.6-106.1 236.6-236.6z\"><\/path><\/svg>\t\t\t\t\t<\/a>\n\t\t\t\t<\/span>\n\t\t\t\t\t<\/div>\n\t\t\t\t\t\t<\/div>\n\t\t\t\t<\/div>\n\t\t\t\t\t<\/div>\n\t\t\t\t<\/div>\n\t\t\t\t<\/div>","protected":false},"excerpt":{"rendered":"<p>\u017bYJ W ZGODZIE Z NATUR\u0104.PRZYSZ\u0141O\u015a\u0106 JEST W NASZYCH R\u0118KACH. &#8222;Ludzie wystarczaj\u0105co szaleni, by s\u0105dzi\u0107, \u017ce mog\u0105 zmieni\u0107 \u015bwiat, s\u0105 tymi, [&hellip;]<\/p>","protected":false},"author":1,"featured_media":0,"parent":0,"menu_order":0,"comment_status":"closed","ping_status":"closed","template":"","meta":{"site-sidebar-layout":"no-sidebar","site-content-layout":"","ast-site-content-layout":"full-width-container","site-content-style":"default","site-sidebar-style":"default","ast-global-header-display":"","ast-banner-title-visibility":"","ast-main-header-display":"","ast-hfb-above-header-display":"","ast-hfb-below-header-display":"","ast-hfb-mobile-header-display":"","site-post-title":"disabled","ast-breadcrumbs-content":"","ast-featured-img":"disabled","footer-sml-layout":"","theme-transparent-header-meta":"","adv-header-id-meta":"","stick-header-meta":"","header-above-stick-meta":"","header-main-stick-meta":"","header-below-stick-meta":"","astra-migrate-meta-layouts":"default","ast-page-background-enabled":"default","ast-page-background-meta":{"desktop":{"background-color":"var(--ast-global-color-5)","background-image":"","background-repeat":"repeat","background-position":"center center","background-size":"auto","background-attachment":"scroll","background-type":"","background-media":"","overlay-type":"","overlay-color":"","overlay-opacity":"","overlay-gradient":""},"tablet":{"background-color":"","background-image":"","background-repeat":"repeat","background-position":"center center","background-size":"auto","background-attachment":"scroll","background-type":"","background-media":"","overlay-type":"","overlay-color":"","overlay-opacity":"","overlay-gradient":""},"mobile":{"background-color":"","background-image":"","background-repeat":"repeat","background-position":"center center","background-size":"auto","background-attachment":"scroll","background-type":"","background-media":"","overlay-type":"","overlay-color":"","overlay-opacity":"","overlay-gradient":""}},"ast-content-background-meta":{"desktop":{"background-color":"var(--ast-global-color-4)","background-image":"","background-repeat":"repeat","background-position":"center center","background-size":"auto","background-attachment":"scroll","background-type":"","background-media":"","overlay-type":"","overlay-color":"","overlay-opacity":"","overlay-gradient":""},"tablet":{"background-color":"var(--ast-global-color-4)","background-image":"","background-repeat":"repeat","background-position":"center center","background-size":"auto","background-attachment":"scroll","background-type":"","background-media":"","overlay-type":"","overlay-color":"","overlay-opacity":"","overlay-gradient":""},"mobile":{"background-color":"var(--ast-global-color-4)","background-image":"","background-repeat":"repeat","background-position":"center center","background-size":"auto","background-attachment":"scroll","background-type":"","background-media":"","overlay-type":"","overlay-color":"","overlay-opacity":"","overlay-gradient":""}},"footnotes":""},"class_list":["post-27","page","type-page","status-publish","hentry"],"_links":{"self":[{"href":"https:\/\/www.elm.world\/en\/wp-json\/wp\/v2\/pages\/27","targetHints":{"allow":["GET"]}}],"collection":[{"href":"https:\/\/www.elm.world\/en\/wp-json\/wp\/v2\/pages"}],"about":[{"href":"https:\/\/www.elm.world\/en\/wp-json\/wp\/v2\/types\/page"}],"author":[{"embeddable":true,"href":"https:\/\/www.elm.world\/en\/wp-json\/wp\/v2\/users\/1"}],"replies":[{"embeddable":true,"href":"https:\/\/www.elm.world\/en\/wp-json\/wp\/v2\/comments?post=27"}],"version-history":[{"count":120,"href":"https:\/\/www.elm.world\/en\/wp-json\/wp\/v2\/pages\/27\/revisions"}],"predecessor-version":[{"id":554,"href":"https:\/\/www.elm.world\/en\/wp-json\/wp\/v2\/pages\/27\/revisions\/554"}],"wp:attachment":[{"href":"https:\/\/www.elm.world\/en\/wp-json\/wp\/v2\/media?parent=27"}],"curies":[{"name":"wp","href":"https:\/\/api.w.org\/{rel}","templated":true}]}}